{"id":29,"date":"2026-02-11T07:22:31","date_gmt":"2026-02-11T07:22:31","guid":{"rendered":"https:\/\/cirkusteltene.dk\/?page_id=29"},"modified":"2026-02-11T07:22:54","modified_gmt":"2026-02-11T07:22:54","slug":"historie","status":"publish","type":"page","link":"https:\/\/cirkusteltene.dk\/?page_id=29","title":{"rendered":"historie"},"content":{"rendered":"<div class=\"et_d4_element et_pb_section et_pb_section_0  et_pb_css_mix_blend_mode et_section_regular et_block_section\" >\n\t\t\t\t\n\t\t\t\t\n\t\t\t\t\n\t\t\t\t\n\t\t\t\t\n\t\t\t\t\n\t\t\t\t<div class=\"et_d4_element et_pb_row et_pb_row_0  et_pb_css_mix_blend_mode et_block_row\">\n\t\t\t\t<div class=\"et_d4_element et_pb_column_4_4 et_pb_column et_pb_column_0  et_pb_css_mix_blend_mode et-last-child et_block_column\">\n\t\t\t\t\n\t\t\t\t\n\t\t\t\t\n\t\t\t\t\n\t\t\t\t<div class=\"et_pb_module et_d4_element et_pb_text et_pb_text_0  et_pb_text_align_left et_pb_bg_layout_light\">\n\t\t\t\t\n\t\t\t\t\n\t\t\t\t\n\t\t\t\t\n\t\t\t\t<div class=\"et_pb_text_inner\"><p data-path-to-node=\"1\">\n<h2 data-path-to-node=\"3\">Det mobile mirakel: En dybdeg\u00e5ende historie om cirkusteltet<\/h2>\n<p data-path-to-node=\"4\">Cirkusteltet \u2013 eller <i data-path-to-node=\"4\" data-index-in-node=\"21\">chapitauen<\/i> \u2013 er mere end blot en midlertidig bygning; det er et symbol p\u00e5 frihed, magi og logistisk genialitet. Det repr\u00e6senterer overgangen fra det station\u00e6re samfund til den mobile underholdningsindustri. For at forst\u00e5, hvordan vi endte med de moderne, computerberegnede vinylkonstruktioner, vi ser i dag, skal vi rejse tilbage til en tid, hvor underholdning var noget, man ops\u00f8gte i faste bygninger af sten og tr\u00e6.<\/p>\n<h3 data-path-to-node=\"5\">1. Foruds\u00e6tningen: Fra Astleys amfiteater til mursten og tr\u00e6<\/h3>\n<p data-path-to-node=\"6\">I slutningen af 1700-tallet, da det moderne cirkus blev f\u00f8dt i London af Philip Astley, foregik forestillingerne i faste bygninger. Astley, en tidligere kavaleriofficer, opdagede, at en cirkel med en diameter p\u00e5 42 fod (ca. 13 meter) var ideel, fordi centrifugalkraften hjalp ham med at holde balancen, mens han stod p\u00e5 ryggen af en galoperende hest. Denne cirkel blev til den man\u00e8ge, vi kender i dag.<\/p>\n<p data-path-to-node=\"7\">Selvom cirkus hurtigt blev popul\u00e6rt, var det begr\u00e6nset til de store byer som London, Paris og Sankt Petersborg. Man byggede pr\u00e6gtige cirkusbygninger \u2013 \"Cirkusbygningen\" i K\u00f8benhavn er et af de f\u00e5 overlevende eksempler p\u00e5 denne tradition \u2013 men det var dyrt og ufleksibelt. Hvis publikum i provinsen ville se cirkus, m\u00e5tte artisterne optr\u00e6de p\u00e5 markedspladser under \u00e5ben himmel eller i interimistiske tr\u00e6bygninger, der ofte var farlige og ut\u00e6tte.<\/p>\n<h3 data-path-to-node=\"8\">2. Den amerikanske revolution: Joshua Purdy Brown<\/h3>\n<p data-path-to-node=\"9\">Det var ikke i Europa, men i det ekspanderende USA, at behovet for en mobil l\u00f8sning opstod. USA var i begyndelsen af 1800-tallet pr\u00e6get af enorme afstande og en voksende befolkning, der flyttede vestp\u00e5. Underholdningsbranchen inds\u00e5 hurtigt, at hvis man ville tjene penge, m\u00e5tte man f\u00f8lge med folket.<\/p>\n<p data-path-to-node=\"10\">I <b data-path-to-node=\"10\" data-index-in-node=\"2\">1825<\/b> tog en mand ved navn <b data-path-to-node=\"10\" data-index-in-node=\"28\">Joshua Purdy Brown<\/b> et skridt, der for altid \u00e6ndrede showbusiness. Han droppede de besv\u00e6rlige tr\u00e6konstruktioner og k\u00f8bte et stort l\u00e6rredstelt. Dette tillod ham at rejse sit \"teater\" p\u00e5 f\u00e5 timer, give en forestilling og drage videre n\u00e6ste dag. Det var f\u00f8dslen af det rejsende cirkus, som vi kender det.<\/p>\n<p data-path-to-node=\"11\">Dette skift fra \"fast ejendom\" til \"mobil enhed\" bet\u00f8d, at cirkusset ikke l\u00e6ngere var en elit\u00e6r by-begivenhed, men blev allemandseje. Chapitauen blev et symbol p\u00e5, at nu kom verden til de sm\u00e5 byer.<\/p>\n<h3 data-path-to-node=\"12\">3. Jernbanen og de gigantiske l\u00e6rreder<\/h3>\n<p data-path-to-node=\"13\">I midten og slutningen af 1800-tallet skete der to ting, som fik teltst\u00f8rrelserne til at eksplodere: Udviklingen af jernbanen og fremkomsten af giganter som P.T. Barnum og Ringling Brothers.<\/p>\n<p data-path-to-node=\"14\">Da cirkusset begyndte at rejse med tog, var der ikke l\u00e6ngere gr\u00e6nser for, hvor meget udstyr man kunne medbringe. Man gik fra telte med \u00e9n mast (det \"runde telt\") til telte med to, fire og endda seks eller otte master. Disse telte blev kaldt \"Big Tops\".<\/p>\n<p data-path-to-node=\"15\"><b data-path-to-node=\"15\" data-index-in-node=\"0\">Livet under \"The Big Top\":<\/b><\/p>\n<p data-path-to-node=\"15\">Et cirkustelt i denne \u00e6ra var en logistisk bedrift. De st\u00f8rste telte kunne rumme op mod 10.000 mennesker. Omkring hovedteltet skabte man en hel \"teltby\" best\u00e5ende af:<\/p>\n<ul data-path-to-node=\"16\">\n<li>\n<p data-path-to-node=\"16,0,0\"><b data-path-to-node=\"16,0,0\" data-index-in-node=\"0\">Menageriet:<\/b> Hvor de eksotiske dyr blev udstillet.<\/p>\n<\/li>\n<li>\n<p data-path-to-node=\"16,1,0\"><b data-path-to-node=\"16,1,0\" data-index-in-node=\"0\">Sideshow-teltet:<\/b> Hvor man kunne se \"m\u00e6rkv\u00e6rdigheder\".<\/p>\n<\/li>\n<li>\n<p data-path-to-node=\"16,2,0\"><b data-path-to-node=\"16,2,0\" data-index-in-node=\"0\">Spiseteltet:<\/b> Hvor hundreder af ansatte fik mad tre gange dagligt.<\/p>\n<\/li>\n<li>\n<p data-path-to-node=\"16,3,0\"><b data-path-to-node=\"16,3,0\" data-index-in-node=\"0\">Sovesalstelte:<\/b> Til arbejderne.<\/p>\n<\/li>\n<\/ul>\n<p data-path-to-node=\"17\">Arbejdet med at rejse teltet var en koreograferet dans. \"Tentmen\" eller \"Canvasmen\" hamrede tusindvis af pl\u00f8kker i jorden med tunge forhammere i en rytmisk sekvens, der ofte blev akkompagneret af sange for at holde takten.<\/p>\n<h3 data-path-to-node=\"18\">4. Materialernes udvikling: Fra hvid bomuld til livsfarlig paraffin<\/h3>\n<p data-path-to-node=\"19\">De tidlige telte var lavet af tung bomuldssejldug (kanvas). Selvom bomuld er naturligt \u00e5ndbart, har det en stor svaghed: Det er ikke vandt\u00e6t. N\u00e5r det regnede, blev teltet enormt tungt, og vandet begyndte at dryppe igennem.<\/p>\n<p data-path-to-node=\"20\">For at l\u00f8se dette begyndte man at \"impr\u00e6gnere\" teltdugen. I de tidlige 1900-taller brugte man en blanding af paraffin (voks) og benzin, som blev smurt p\u00e5 l\u00e6rredet. Dette gjorde teltet vandt\u00e6t og smukt skinnende i sollyset, men det forvandlede ogs\u00e5 teltet til en gigantisk t\u00e6ndstik.<\/p>\n<p data-path-to-node=\"21\">Dette ledte til en af de st\u00f8rste tragedier i cirkushistorien: <b data-path-to-node=\"21\" data-index-in-node=\"62\">Brandtkatastrofen i Hartford i 1944<\/b>. Under en forestilling hos <i data-path-to-node=\"21\" data-index-in-node=\"125\">Ringling Bros. and Barnum &amp; Bailey<\/i> udbr\u00f8d der brand i teltdugen. P\u00e5 grund af paraffinen blev hele teltet opslugt af flammer p\u00e5 under ti minutter. 167 mennesker mistede livet. Denne begivenhed markerede afslutningen p\u00e5 de ubehandlede bomuldstelte og tvang industrien til at udvikle nye, brandsikre materialer.<\/p>\n<h3 data-path-to-node=\"22\">5. Den teknologiske revolution: Vinyl og st\u00e5l<\/h3>\n<p data-path-to-node=\"23\">Efter Anden Verdenskrig begyndte kemien at revolutionere teltbyggeriet. Man skiftede fra bomuld til syntetiske materialer som polyester belagt med PVC (vinyl).<\/p>\n<p data-path-to-node=\"24\">Disse moderne telte havde flere fordele:<\/p>\n<ol start=\"1\" data-path-to-node=\"25\">\n<li>\n<p data-path-to-node=\"25,0,0\"><b data-path-to-node=\"25,0,0\" data-index-in-node=\"0\">Brandsikkerhed:<\/b> Materialerne blev kemisk behandlet til at v\u00e6re selvslukkende.<\/p>\n<\/li>\n<li>\n<p data-path-to-node=\"25,1,0\"><b data-path-to-node=\"25,1,0\" data-index-in-node=\"0\">V\u00e6gt:<\/b> De var lettere og st\u00e6rkere.<\/p>\n<\/li>\n<li>\n<p data-path-to-node=\"25,2,0\"><b data-path-to-node=\"25,2,0\" data-index-in-node=\"0\">Lyst\u00e6thed:<\/b> Man kunne producere \"Blackout\"-telte. Dette var essentielt, fordi man nu kunne styre lyss\u00e6tningen med elektriske projekt\u00f8rer selv midt p\u00e5 dagen, hvilket skabte en langt mere dramatisk atmosf\u00e6re.<\/p>\n<\/li>\n<li>\n<p data-path-to-node=\"25,3,0\"><b data-path-to-node=\"25,3,0\" data-index-in-node=\"0\">Holdbarhed:<\/b> De r\u00e5dnede ikke som bomuldstelte gjorde, n\u00e5r de blev pakket sammen i v\u00e5d tilstand.<\/p>\n<\/li>\n<\/ol>\n<p data-path-to-node=\"26\">Designet \u00e6ndrede sig ogs\u00e5. Hvor de gamle telte var afh\u00e6ngige af et virvar af reb og master, der blokerede udsynet for mange tilskuere (de berygtede \"d\u00f8de vinkler\"), begyndte man at bruge computerst\u00f8ttet design. Moderne cirkustelte bruger ofte \"italienske\" systemer med udvendige buer eller master, der st\u00e5r i en vinkel, s\u00e5 man f\u00e5r et helt frit udsyn over manegen.<\/p>\n<h3 data-path-to-node=\"27\">6. Symbolikken bag farverne<\/h3>\n<p data-path-to-node=\"28\">Hvorfor er cirkustelte ofte r\u00f8d- og hvidstribede? Det handler oprindeligt om synlighed og markedsf\u00f8ring. I 1800-tallet var striberne en m\u00e5de at signalere fest og ballade p\u00e5 lang afstand. Det var et reklameskilt i sig selv.<\/p>\n<p data-path-to-node=\"29\">I dag ser vi dog en bev\u00e6gelse mod m\u00f8rkere farver udvendigt (ofte m\u00f8rkebl\u00e5 med gule eller r\u00f8de ornamenter). Det skyldes praktiske \u00e5rsager: M\u00f8rke farver holder bedre p\u00e5 lyset inde i teltet og skjuler snavs bedre end det klassiske hvide l\u00e6rred.<\/p>\n<h3 data-path-to-node=\"30\">7. Teltet som en levende organisme<\/h3>\n<p data-path-to-node=\"31\">At eje et cirkustelt i dag er en videnskab. Et moderne chapiteau skal kunne modst\u00e5 orkanstyrke i vindst\u00f8dene og b\u00e6re v\u00e6gten af tonsvis af udstyr (lys, lyd og luftartister), der h\u00e6nger i kuplen.<\/p>\n<p data-path-to-node=\"32\">N\u00e5r et cirkus som f.eks. det franske <i data-path-to-node=\"32\" data-index-in-node=\"37\">Cirque du Soleil<\/i> eller det danske <i data-path-to-node=\"32\" data-index-in-node=\"71\">Cirkus Arena<\/i> rejser deres telt, er det ikke l\u00e6ngere bare med h\u00e5ndkraft. Man bruger hydrauliske master og elektriske spil. Men selv med al denne teknologi, kr\u00e6ver det stadig det samme \"cirkusblod\": En dyb forst\u00e5else for jorden, vinden og sp\u00e6ndingen i l\u00e6rredet. Hvis pl\u00f8kkerne ikke sidder rigtigt i den specifikke jordtype, kan hele konstruktionen komme i fare.<\/p>\n<h3 data-path-to-node=\"33\">8. Cirkusteltets fremtid: Tradition m\u00f8der High-tech<\/h3>\n<p data-path-to-node=\"34\">Selvom mange cirkus i dag har droppet de vilde dyr, har de ikke droppet teltet. Teltet er nemlig det, der g\u00f8r cirkus til noget s\u00e6rligt. Det er et \"liminalt rum\" \u2013 et sted mellem fantasi og virkelighed. N\u00e5r man tr\u00e6der ind gennem forh\u00e6ngene og m\u00e6rker den s\u00e6rlige duft af savsmuld, popcorn og teltdug, forlader man hverdagen.<\/p>\n<p data-path-to-node=\"35\">Fremtidens cirkustelt vil sandsynligvis integrere endnu mere teknologi. Vi ser allerede telte med indbyggede sk\u00e6rme i selve dugen og telte, der er designet til at v\u00e6re ekstremt energieffektive. Men i sin kerne vil det altid v\u00e6re det samme: En cirkul\u00e6r scene under en beskyttende himmel af l\u00e6rred.<\/p>\n<hr data-path-to-node=\"36\" \/>\n<h3 data-path-to-node=\"37\">Sammenfatning af de vigtigste epoker<\/h3>\n<table data-path-to-node=\"38\">\n<thead>\n<tr>\n<td><strong>Periode<\/strong><\/td>\n<td><strong>Telt-type<\/strong><\/td>\n<td><strong>Vigtigste innovation<\/strong><\/td>\n<\/tr>\n<\/thead>\n<tbody>\n<tr>\n<td><span data-path-to-node=\"38,1,0,0\"><b data-path-to-node=\"38,1,0,0\" data-index-in-node=\"0\">F\u00f8r 1825<\/b><\/span><\/td>\n<td><span data-path-to-node=\"38,1,1,0\">Station\u00e6re bygninger<\/span><\/td>\n<td><span data-path-to-node=\"38,1,2,0\">Amfiteatre i mursten og tr\u00e6.<\/span><\/td>\n<\/tr>\n<tr>\n<td><span data-path-to-node=\"38,2,0,0\"><b data-path-to-node=\"38,2,0,0\" data-index-in-node=\"0\">1825 - 1870<\/b><\/span><\/td>\n<td><span data-path-to-node=\"38,2,1,0\">De f\u00f8rste l\u00e6rredstelte<\/span><\/td>\n<td><span data-path-to-node=\"38,2,2,0\">Joshua Purdy Brown introducerer mobilitet.<\/span><\/td>\n<\/tr>\n<tr>\n<td><span data-path-to-node=\"38,3,0,0\"><b data-path-to-node=\"38,3,0,0\" data-index-in-node=\"0\">1870 - 1944<\/b><\/span><\/td>\n<td><span data-path-to-node=\"38,3,1,0\">\"The Big Top\" (Guldalderen)<\/span><\/td>\n<td><span data-path-to-node=\"38,3,2,0\">Jernbanetransport og gigantiske bomuldstelte.<\/span><\/td>\n<\/tr>\n<tr>\n<td><span data-path-to-node=\"38,4,0,0\"><b data-path-to-node=\"38,4,0,0\" data-index-in-node=\"0\">1944 - 1970<\/b><\/span><\/td>\n<td><span data-path-to-node=\"38,4,1,0\">Sikkerheds\u00e6raen<\/span><\/td>\n<td><span data-path-to-node=\"38,4,2,0\">Brandimpr\u00e6gnering og gradvis overgang til syntetisk stof.<\/span><\/td>\n<\/tr>\n<tr>\n<td><span data-path-to-node=\"38,5,0,0\"><b data-path-to-node=\"38,5,0,0\" data-index-in-node=\"0\">1970 - Nu<\/b><\/span><\/td>\n<td><span data-path-to-node=\"38,5,1,0\">High-tech Chapiteau<\/span><\/td>\n<td><span data-path-to-node=\"38,5,2,0\">PVC-materialer, frit udsyn og hydrauliske master.<\/span><\/td>\n<\/tr>\n<\/tbody>\n<\/table>\n<p data-path-to-node=\"39\">Cirkusteltets historie er fort\u00e6llingen om menneskets evne til at skabe et hjem hvor som helst. Fra de sm\u00e5 l\u00e6rredsstykker p\u00e5 de amerikanske sletter til de enorme katedraler af vinyl, vi ser i dag, har teltet v\u00e6ret den ramme, der har beskyttet magien mod virkelighedens vind og vejr.<\/p>\n<p data-path-to-node=\"40\">Det er en historie om mod, innovation og en evig s\u00f8gen efter at bringe forundring ud til selv de fjerneste afkroge af verden.<\/p><\/div>\n\t\t\t<\/div>\n\t\t\t<\/div>\n\t\t\t\t\n\t\t\t\t\n\t\t\t\t\n\t\t\t\t\n\t\t\t<\/div><div class=\"et_d4_element et_pb_row et_pb_row_1  et_pb_css_mix_blend_mode et_block_row\">\n\t\t\t\t<div class=\"et_d4_element et_pb_column_4_4 et_pb_column et_pb_column_1  et_pb_css_mix_blend_mode et-last-child et_block_column\">\n\t\t\t\t\n\t\t\t\t\n\t\t\t\t\n\t\t\t\t\n\t\t\t\t<div class=\"et_pb_module et_d4_element et_pb_image et_pb_image_0\">\n\t\t\t\t\n\t\t\t\t\n\t\t\t\t\n\t\t\t\t\n\t\t\t\t<span class=\"et_pb_image_wrap \"><img loading=\"lazy\" decoding=\"async\" width=\"1024\" height=\"1024\" src=\"https:\/\/cirkusteltene.dk\/wp-content\/uploads\/2026\/02\/cirkustelt-2026.jpg\" alt=\"\" title=\"cirkustelt 2026\" srcset=\"https:\/\/cirkusteltene.dk\/wp-content\/uploads\/2026\/02\/cirkustelt-2026.jpg 1024w, https:\/\/cirkusteltene.dk\/wp-content\/uploads\/2026\/02\/cirkustelt-2026-980x980.jpg 980w, https:\/\/cirkusteltene.dk\/wp-content\/uploads\/2026\/02\/cirkustelt-2026-480x480.jpg 480w\" sizes=\"(min-width: 0px) and (max-width: 480px) 480px, (min-width: 481px) and (max-width: 980px) 980px, (min-width: 981px) 1024px, 100vw\" class=\"wp-image-31\" \/><\/span>\n\t\t\t<\/div>\n\t\t\t<\/div>\n\t\t\t\t\n\t\t\t\t\n\t\t\t\t\n\t\t\t\t\n\t\t\t<\/div>\n\t\t\t\t\n\t\t\t\t\n\t\t\t<\/div>\n","protected":false},"excerpt":{"rendered":"","protected":false},"author":3,"featured_media":0,"parent":0,"menu_order":0,"comment_status":"closed","ping_status":"closed","template":"","meta":{"_et_pb_use_builder":"on","_et_pb_old_content":"","_et_gb_content_width":"","footnotes":""},"class_list":["post-29","page","type-page","status-publish","hentry"],"yoast_head":"<!-- This site is optimized with the Yoast SEO plugin v27.4 - https:\/\/yoast.com\/product\/yoast-seo-wordpress\/ -->\n<title>historie - Cirkusteltene<\/title>\n<meta name=\"robots\" content=\"index, follow, max-snippet:-1, max-image-preview:large, max-video-preview:-1\" \/>\n<link rel=\"canonical\" href=\"https:\/\/cirkusteltene.dk\/?page_id=29\" \/>\n<meta property=\"og:locale\" content=\"en_US\" \/>\n<meta property=\"og:type\" content=\"article\" \/>\n<meta property=\"og:title\" content=\"historie - Cirkusteltene\" \/>\n<meta property=\"og:url\" content=\"https:\/\/cirkusteltene.dk\/?page_id=29\" \/>\n<meta property=\"og:site_name\" content=\"Cirkusteltene\" \/>\n<meta property=\"article:modified_time\" content=\"2026-02-11T07:22:54+00:00\" \/>\n<meta name=\"twitter:card\" content=\"summary_large_image\" \/>\n<script type=\"application\/ld+json\" class=\"yoast-schema-graph\">{\"@context\":\"https:\\\/\\\/schema.org\",\"@graph\":[{\"@type\":\"WebPage\",\"@id\":\"https:\\\/\\\/cirkusteltene.dk\\\/?page_id=29\",\"url\":\"https:\\\/\\\/cirkusteltene.dk\\\/?page_id=29\",\"name\":\"historie - Cirkusteltene\",\"isPartOf\":{\"@id\":\"https:\\\/\\\/cirkusteltene.dk\\\/#website\"},\"datePublished\":\"2026-02-11T07:22:31+00:00\",\"dateModified\":\"2026-02-11T07:22:54+00:00\",\"breadcrumb\":{\"@id\":\"https:\\\/\\\/cirkusteltene.dk\\\/?page_id=29#breadcrumb\"},\"inLanguage\":\"en-US\",\"potentialAction\":[{\"@type\":\"ReadAction\",\"target\":[\"https:\\\/\\\/cirkusteltene.dk\\\/?page_id=29\"]}]},{\"@type\":\"BreadcrumbList\",\"@id\":\"https:\\\/\\\/cirkusteltene.dk\\\/?page_id=29#breadcrumb\",\"itemListElement\":[{\"@type\":\"ListItem\",\"position\":1,\"name\":\"Home\",\"item\":\"https:\\\/\\\/cirkusteltene.dk\\\/\"},{\"@type\":\"ListItem\",\"position\":2,\"name\":\"historie\"}]},{\"@type\":\"WebSite\",\"@id\":\"https:\\\/\\\/cirkusteltene.dk\\\/#website\",\"url\":\"https:\\\/\\\/cirkusteltene.dk\\\/\",\"name\":\"Cirkustelt\",\"description\":\"Just another WordPress site\",\"publisher\":{\"@id\":\"https:\\\/\\\/cirkusteltene.dk\\\/#organization\"},\"potentialAction\":[{\"@type\":\"SearchAction\",\"target\":{\"@type\":\"EntryPoint\",\"urlTemplate\":\"https:\\\/\\\/cirkusteltene.dk\\\/?s={search_term_string}\"},\"query-input\":{\"@type\":\"PropertyValueSpecification\",\"valueRequired\":true,\"valueName\":\"search_term_string\"}}],\"inLanguage\":\"en-US\"},{\"@type\":\"Organization\",\"@id\":\"https:\\\/\\\/cirkusteltene.dk\\\/#organization\",\"name\":\"Cirkustelt\",\"url\":\"https:\\\/\\\/cirkusteltene.dk\\\/\",\"logo\":{\"@type\":\"ImageObject\",\"inLanguage\":\"en-US\",\"@id\":\"https:\\\/\\\/cirkusteltene.dk\\\/#\\\/schema\\\/logo\\\/image\\\/\",\"url\":\"https:\\\/\\\/cirkusteltene.dk\\\/wp-content\\\/uploads\\\/2024\\\/09\\\/Screenshot-2024-09-03-at-18.40.21-e1725381658296.png\",\"contentUrl\":\"https:\\\/\\\/cirkusteltene.dk\\\/wp-content\\\/uploads\\\/2024\\\/09\\\/Screenshot-2024-09-03-at-18.40.21-e1725381658296.png\",\"width\":907,\"height\":316,\"caption\":\"Cirkustelt\"},\"image\":{\"@id\":\"https:\\\/\\\/cirkusteltene.dk\\\/#\\\/schema\\\/logo\\\/image\\\/\"}}]}<\/script>\n<!-- \/ Yoast SEO plugin. -->","yoast_head_json":{"title":"historie - Cirkusteltene","robots":{"index":"index","follow":"follow","max-snippet":"max-snippet:-1","max-image-preview":"max-image-preview:large","max-video-preview":"max-video-preview:-1"},"canonical":"https:\/\/cirkusteltene.dk\/?page_id=29","og_locale":"en_US","og_type":"article","og_title":"historie - Cirkusteltene","og_url":"https:\/\/cirkusteltene.dk\/?page_id=29","og_site_name":"Cirkusteltene","article_modified_time":"2026-02-11T07:22:54+00:00","twitter_card":"summary_large_image","schema":{"@context":"https:\/\/schema.org","@graph":[{"@type":"WebPage","@id":"https:\/\/cirkusteltene.dk\/?page_id=29","url":"https:\/\/cirkusteltene.dk\/?page_id=29","name":"historie - Cirkusteltene","isPartOf":{"@id":"https:\/\/cirkusteltene.dk\/#website"},"datePublished":"2026-02-11T07:22:31+00:00","dateModified":"2026-02-11T07:22:54+00:00","breadcrumb":{"@id":"https:\/\/cirkusteltene.dk\/?page_id=29#breadcrumb"},"inLanguage":"en-US","potentialAction":[{"@type":"ReadAction","target":["https:\/\/cirkusteltene.dk\/?page_id=29"]}]},{"@type":"BreadcrumbList","@id":"https:\/\/cirkusteltene.dk\/?page_id=29#breadcrumb","itemListElement":[{"@type":"ListItem","position":1,"name":"Home","item":"https:\/\/cirkusteltene.dk\/"},{"@type":"ListItem","position":2,"name":"historie"}]},{"@type":"WebSite","@id":"https:\/\/cirkusteltene.dk\/#website","url":"https:\/\/cirkusteltene.dk\/","name":"Cirkustelt","description":"Just another WordPress site","publisher":{"@id":"https:\/\/cirkusteltene.dk\/#organization"},"potentialAction":[{"@type":"SearchAction","target":{"@type":"EntryPoint","urlTemplate":"https:\/\/cirkusteltene.dk\/?s={search_term_string}"},"query-input":{"@type":"PropertyValueSpecification","valueRequired":true,"valueName":"search_term_string"}}],"inLanguage":"en-US"},{"@type":"Organization","@id":"https:\/\/cirkusteltene.dk\/#organization","name":"Cirkustelt","url":"https:\/\/cirkusteltene.dk\/","logo":{"@type":"ImageObject","inLanguage":"en-US","@id":"https:\/\/cirkusteltene.dk\/#\/schema\/logo\/image\/","url":"https:\/\/cirkusteltene.dk\/wp-content\/uploads\/2024\/09\/Screenshot-2024-09-03-at-18.40.21-e1725381658296.png","contentUrl":"https:\/\/cirkusteltene.dk\/wp-content\/uploads\/2024\/09\/Screenshot-2024-09-03-at-18.40.21-e1725381658296.png","width":907,"height":316,"caption":"Cirkustelt"},"image":{"@id":"https:\/\/cirkusteltene.dk\/#\/schema\/logo\/image\/"}}]}},"_links":{"self":[{"href":"https:\/\/cirkusteltene.dk\/index.php?rest_route=\/wp\/v2\/pages\/29","targetHints":{"allow":["GET"]}}],"collection":[{"href":"https:\/\/cirkusteltene.dk\/index.php?rest_route=\/wp\/v2\/pages"}],"about":[{"href":"https:\/\/cirkusteltene.dk\/index.php?rest_route=\/wp\/v2\/types\/page"}],"author":[{"embeddable":true,"href":"https:\/\/cirkusteltene.dk\/index.php?rest_route=\/wp\/v2\/users\/3"}],"replies":[{"embeddable":true,"href":"https:\/\/cirkusteltene.dk\/index.php?rest_route=%2Fwp%2Fv2%2Fcomments&post=29"}],"version-history":[{"count":3,"href":"https:\/\/cirkusteltene.dk\/index.php?rest_route=\/wp\/v2\/pages\/29\/revisions"}],"predecessor-version":[{"id":33,"href":"https:\/\/cirkusteltene.dk\/index.php?rest_route=\/wp\/v2\/pages\/29\/revisions\/33"}],"wp:attachment":[{"href":"https:\/\/cirkusteltene.dk\/index.php?rest_route=%2Fwp%2Fv2%2Fmedia&parent=29"}],"curies":[{"name":"wp","href":"https:\/\/api.w.org\/{rel}","templated":true}]}}